{"id":275,"date":"2022-01-22T15:46:40","date_gmt":"2022-01-22T14:46:40","guid":{"rendered":"https:\/\/www.chanceforafricanyouth.org\/?page_id=275"},"modified":"2025-12-17T14:28:41","modified_gmt":"2025-12-17T13:28:41","slug":"aktuelles","status":"publish","type":"page","link":"https:\/\/www.chanceforafricanyouth.org\/fr\/aktuelles\/","title":{"rendered":"Courant"},"content":{"rendered":"\n<p><strong>D\u2018actualit\u00e9 novembre 2023<\/strong><\/p>\n\n\n\n<p><strong>Ghatronic<\/strong><\/p>\n\n\n\n<p>Ghatronic a \u00e9tabli des contacts avec des associations ghan\u00e9ennes de m\u00e9caniciens. Leur objectif est de former des m\u00e9caniciens en tant qu&#8217;instructeurs dans tout le pays. Le 23 novembre, 200 multiplicateurs avaient re\u00e7u une formation th\u00e9orique et pratique dans les locaux d&#8217;une association.<\/p>\n\n\n\n<div class=\"wp-block-columns is-layout-flex wp-container-core-columns-is-layout-1 wp-block-columns-is-layout-flex\">\n<div class=\"wp-block-column is-layout-flow wp-block-column-is-layout-flow\" style=\"flex-basis:40%\">\n<figure class=\"wp-block-image size-full is-resized\"><img loading=\"lazy\" decoding=\"async\" src=\"https:\/\/www.chanceforafricanyouth.org\/wp-content\/uploads\/2023\/12\/image-1.png\" alt=\"\" class=\"wp-image-515\" width=\"269\" height=\"178\" srcset=\"https:\/\/www.chanceforafricanyouth.org\/wp-content\/uploads\/2023\/12\/image-1.png 405w, https:\/\/www.chanceforafricanyouth.org\/wp-content\/uploads\/2023\/12\/image-1-300x199.png 300w\" sizes=\"(max-width: 269px) 100vw, 269px\" \/><\/figure>\n<\/div>\n\n\n\n<div class=\"wp-block-column is-layout-flow wp-block-column-is-layout-flow\" style=\"flex-basis:60%\">\n<figure class=\"wp-block-image size-full is-resized\"><img loading=\"lazy\" decoding=\"async\" src=\"https:\/\/www.chanceforafricanyouth.org\/wp-content\/uploads\/2023\/12\/image-2.png\" alt=\"\" class=\"wp-image-516\" width=\"394\" height=\"177\" srcset=\"https:\/\/www.chanceforafricanyouth.org\/wp-content\/uploads\/2023\/12\/image-2.png 601w, https:\/\/www.chanceforafricanyouth.org\/wp-content\/uploads\/2023\/12\/image-2-300x135.png 300w\" sizes=\"(max-width: 394px) 100vw, 394px\" \/><\/figure>\n<\/div>\n<\/div>\n\n\n\n<p><strong>Nous avons besoin d&#8217;un soutien financier pour organiser des cours de formation dans d&#8217;autres villes et pour pouvoir financer des locaux suppl\u00e9mentaires (par exemple des conteneurs), des plates-formes de levage et du mat\u00e9riel de formation.<\/strong><\/p>\n\n\n\n<p>Pour plus d\u2019information: <a href=\"https:\/\/ghatronic.com\/wp-content\/uploads\/2023\/05\/Praesentation-Werkstatt-mit-Diagnose-Seminaren-2023_05_15.pdf\">https:\/\/ghatronic.com\/wp-content\/uploads\/2023\/05\/Praesentation-Werkstatt-mit-Diagnose-Seminaren-2023_05_15.pdf<\/a><\/p>\n\n\n\n<p><strong>KDT Kujwe Development Trust \u00e0 Siabuwa, Zimbabwe<\/strong><\/p>\n\n\n\n<p>Deux pompes solaires ont \u00e9t\u00e9 install\u00e9es au printemps 2013. Cependant, le test de capacit\u00e9 de l&#8217;eau a montr\u00e9 que seuls deux des quatre forages existants \u00e9taient adapt\u00e9s \u00e0 l&#8217;installation de pompes solaires.<\/p>\n\n\n\n<div class=\"wp-block-columns is-layout-flex wp-container-core-columns-is-layout-2 wp-block-columns-is-layout-flex\">\n<div class=\"wp-block-column is-layout-flow wp-block-column-is-layout-flow\" style=\"flex-basis:25%\">\n<figure class=\"wp-block-image size-full is-resized\"><img loading=\"lazy\" decoding=\"async\" src=\"https:\/\/www.chanceforafricanyouth.org\/wp-content\/uploads\/2023\/12\/image-3.png\" alt=\"\" class=\"wp-image-517\" width=\"174\" height=\"231\" srcset=\"https:\/\/www.chanceforafricanyouth.org\/wp-content\/uploads\/2023\/12\/image-3.png 268w, https:\/\/www.chanceforafricanyouth.org\/wp-content\/uploads\/2023\/12\/image-3-225x300.png 225w\" sizes=\"(max-width: 174px) 100vw, 174px\" \/><\/figure>\n<\/div>\n\n\n\n<div class=\"wp-block-column is-layout-flow wp-block-column-is-layout-flow\" style=\"flex-basis:75%\">\n<div class=\"wp-block-image\"><figure class=\"aligncenter size-full is-resized\"><img loading=\"lazy\" decoding=\"async\" src=\"https:\/\/www.chanceforafricanyouth.org\/wp-content\/uploads\/2023\/12\/image-4.png\" alt=\"\" class=\"wp-image-518\" width=\"299\" height=\"230\" srcset=\"https:\/\/www.chanceforafricanyouth.org\/wp-content\/uploads\/2023\/12\/image-4.png 459w, https:\/\/www.chanceforafricanyouth.org\/wp-content\/uploads\/2023\/12\/image-4-300x231.png 300w\" sizes=\"(max-width: 299px) 100vw, 299px\" \/><\/figure><\/div>\n<\/div>\n\n\n\n<div class=\"wp-block-column is-layout-flow wp-block-column-is-layout-flow\" style=\"flex-basis:20%\">\n<figure class=\"wp-block-image size-full is-resized\"><img loading=\"lazy\" decoding=\"async\" src=\"https:\/\/www.chanceforafricanyouth.org\/wp-content\/uploads\/2023\/12\/image-5.png\" alt=\"\" class=\"wp-image-519\" width=\"173\" height=\"231\" srcset=\"https:\/\/www.chanceforafricanyouth.org\/wp-content\/uploads\/2023\/12\/image-5.png 259w, https:\/\/www.chanceforafricanyouth.org\/wp-content\/uploads\/2023\/12\/image-5-225x300.png 225w\" sizes=\"(max-width: 173px) 100vw, 173px\" \/><\/figure>\n<\/div>\n<\/div>\n\n\n\n<p><br>Afin de pouvoir approvisionner les deux autres localit\u00e9s en eau, nous avons fait r\u00e9aliser des \u00e9tudes hydrog\u00e9ologiques.<\/p>\n\n\n\n<p><strong>Nous avons besoin d&#8217;un soutien financier pour les deux forages n\u00e9cessaires avec des tests de capacit\u00e9 et l&#8217;installation de pompes solaires.<\/strong><\/p>\n\n\n\n<p><\/p>\n\n\n\n<p>2022<\/p>\n\n\n\n<p>Nous aussi, nous ressentons encore les effets de Corona, c&#8217;est pourquoi nous nous concentrons sur seulement deux subventions de projets pour le moment.<\/p>\n\n\n\n<p><strong>Ghatronic<\/strong><\/p>\n\n\n\n<p>La Digi-Mechanics School a pu organiser des cours \u00e0 Accra en mars 2022 pour les multiplicateurs en \u00e9lectricit\u00e9, syst\u00e8mes de gestion du moteur, dynamique du v\u00e9hicule et est en train de cr\u00e9er une antenne \u00e0 Kumasi, la deuxi\u00e8me plus grande ville du Ghana. Les premiers cours s&#8217;y d\u00e9roulent depuis la mi-novembre.<br><a href=\"https:\/\/ghatronic.com\/news\/\" data-type=\"URL\" data-id=\"https:\/\/ghatronic.com\/news\/\">https:\/\/ghatronic.com\/news\/<\/a><\/p>\n\n\n\n<p><strong>KDT Kujwe Development Trust \u00e0 Siabuwa, Zimbabwe<\/strong><\/p>\n\n\n\n<p>Gr\u00e2ce au contact permanent d&#8217;un membre de notre association qui a enseign\u00e9 \u00e0 la &#8220;Siabuwa Secondary School&#8221; en 1986, nous avons appris que certains anciens \u00e9l\u00e8ves ont fond\u00e9 une association.<\/p>\n\n\n\n<p>L&#8217;association KDT est l&#8217;initiative pour le d\u00e9veloppement des infrastructures et l&#8217;am\u00e9lioration de l&#8217;\u00e9ducation pour la minorit\u00e9 Tonga qui y vit.<\/p>\n\n\n\n<p>Actuellement, quatre puits ont \u00e9t\u00e9 for\u00e9s et des r\u00e9servoirs construits pour trois \u00e9coles et une clinique. Les pompes \u00e0 \u00e9nergie solaire sont toujours manquantes. Ce projet d&#8217;eau communautaire Siabuwa est aussi financ\u00e9 par l&#8217;\u00c9tat du Bade-Wurtemberg par le biais de la Fondation pour la coop\u00e9ration au d\u00e9veloppement du Bade-Wurtemberg (SEZ).<\/p>\n\n\n\n<p><\/p>\n\n\n\n<p><strong>Rapport de Helgard Ziegler, ancien enseignant au Zimbabwe, Siabuwa et membre de Chayo<\/strong><\/p>\n\n\n\n<p>Depuis que j&#8217;ai \u00e9t\u00e9 enseignant dans deux \u00e9coles au Zimbabwe de 1985 \u00e0 1988, je m&#8217;int\u00e9resse au d\u00e9veloppement du pays. En particulier avec David, un ancien \u00e9l\u00e8ve de l&#8217;\u00e9cole secondaire de Siabuwa, je garde le contact et suis inform\u00e9 de la situation actuelle. Siabuwa se trouve dans la r\u00e9gion tr\u00e8s s\u00e8che et sous-d\u00e9velopp\u00e9e o\u00f9 vivent les Tongas.<\/p>\n\n\n\n<p>David a saisi l&#8217;opportunit\u00e9 de l&#8217;\u00e9ducation et a \u00e9tudi\u00e9 avec succ\u00e8s \u00e0 Harare avec mon soutien et est depuis tr\u00e8s impliqu\u00e9 dans le travail social et le d\u00e9veloppement des infrastructures.<\/p>\n\n\n\n<figure class=\"wp-block-image size-large is-resized\"><img loading=\"lazy\" decoding=\"async\" src=\"https:\/\/www.chanceforafricanyouth.org\/wp-content\/uploads\/2022\/04\/grafik-3-1024x236.png\" alt=\"\" class=\"wp-image-355\" width=\"640\" height=\"147\" srcset=\"https:\/\/www.chanceforafricanyouth.org\/wp-content\/uploads\/2022\/04\/grafik-3-1024x236.png 1024w, https:\/\/www.chanceforafricanyouth.org\/wp-content\/uploads\/2022\/04\/grafik-3-300x69.png 300w, https:\/\/www.chanceforafricanyouth.org\/wp-content\/uploads\/2022\/04\/grafik-3-768x177.png 768w, https:\/\/www.chanceforafricanyouth.org\/wp-content\/uploads\/2022\/04\/grafik-3-1536x354.png 1536w, https:\/\/www.chanceforafricanyouth.org\/wp-content\/uploads\/2022\/04\/grafik-3-2048x472.png 2048w, https:\/\/www.chanceforafricanyouth.org\/wp-content\/uploads\/2022\/04\/grafik-3-1600x369.png 1600w\" sizes=\"(max-width: 640px) 100vw, 640px\" \/><\/figure>\n\n\n\n<p>D\u00e9but 2020, j&#8217;ai re\u00e7u un appel \u00e0 l&#8217;aide de David : depuis octobre 2019, cette fois pendant la p\u00e9riode de s\u00e9cheresse prolong\u00e9e, tous les trous d&#8217;eau et les quelques puits se sont ass\u00e9ch\u00e9s et les gens et les animaux de Siabuwa souffrent de la grave s\u00e9cheresse.<\/p>\n\n\n\n<p>Ces points d&#8217;eau non prot\u00e9g\u00e9s sont des plans d&#8217;eau stagnante, contamin\u00e9s par des agents pathog\u00e8nes et en m\u00eame temps des abreuvoirs pour le b\u00e9tail et des lieux d&#8217;abreuvement pour la faune.<\/p>\n\n\n\n<p>Depuis des d\u00e9cennies, ils constituent le seul approvisionnement en eau de tout le district de Siabuwa, avec les quelques puits peu profonds (\u00e9quip\u00e9s de pompes manuelles).<\/p>\n\n\n\n<p>David a d\u00e9couvert qu&#8217;\u00e0 cette \u00e9poque, il y avait un camion avec une foreuse pour le forage de puits \u00e0 Binga, \u00e0 environ 100 km. Pour le louer afin de forer \u00e0 Siabuwa, il fallait 1800 $, qui devaient \u00eatre disponibles en une semaine.<\/p>\n\n\n\n<p>J&#8217;ai pu r\u00e9unir l&#8217;argent tr\u00e8s rapidement avec l&#8217;aide d&#8217;amis et l&#8217;envoyer imm\u00e9diatement \u00e0 David qui a pass\u00e9 un contrat avec la soci\u00e9t\u00e9 de forage.<\/p>\n\n\n\n<p>Au lieu du camion, un cyclone est arriv\u00e9, puis la pand\u00e9mie avec verrouillage.<\/p>\n\n\n\n<p>En avril 2021, j&#8217;ai soudain re\u00e7u une vid\u00e9o d&#8217;un forage et j&#8217;ai appris que tout se d\u00e9roulait maintenant comme pr\u00e9vu.<\/p>\n\n\n\n<figure class=\"wp-block-image size-large\"><img loading=\"lazy\" decoding=\"async\" width=\"1024\" height=\"225\" src=\"https:\/\/www.chanceforafricanyouth.org\/wp-content\/uploads\/2022\/04\/grafik-4-1024x225.png\" alt=\"\" class=\"wp-image-359\" srcset=\"https:\/\/www.chanceforafricanyouth.org\/wp-content\/uploads\/2022\/04\/grafik-4-1024x225.png 1024w, https:\/\/www.chanceforafricanyouth.org\/wp-content\/uploads\/2022\/04\/grafik-4-300x66.png 300w, https:\/\/www.chanceforafricanyouth.org\/wp-content\/uploads\/2022\/04\/grafik-4-768x168.png 768w, https:\/\/www.chanceforafricanyouth.org\/wp-content\/uploads\/2022\/04\/grafik-4-1536x337.png 1536w, https:\/\/www.chanceforafricanyouth.org\/wp-content\/uploads\/2022\/04\/grafik-4.png 1573w\" sizes=\"(max-width: 1024px) 100vw, 1024px\" \/><\/figure>\n\n\n\n<p>L&#8217;association KDT, fond\u00e9e par David et d&#8217;autres anciens \u00e9l\u00e8ves, a alors \u00e9quip\u00e9 les quatre forages de 2 r\u00e9servoirs chacun et achet\u00e9 un g\u00e9n\u00e9rateur \u00e0 moteur diesel. Gr\u00e2ce aux r\u00e9servoirs remplis, trois \u00e9coles, une clinique et tous les habitants des environs peuvent d\u00e9sormais \u00eatre approvisionn\u00e9s en permanence en eau potable.<\/p>\n\n\n\n<p>Actuellement, pour remplir les huit r\u00e9servoirs, le g\u00e9n\u00e9rateur doit \u00eatre transport\u00e9 d&#8217;un forage \u00e0 l&#8217;autre avec un chariot \u00e0 b\u0153ufs. Avec le temps, le g\u00e9n\u00e9rateur et le chariot \u00e0 b\u0153ufs ne fonctionneront plus en raison de la charge trop importante et du transport constant sur les routes de gravier cahoteuses. Le pompage \u00e0 la main est \u00e9puisant et les r\u00e9servoirs ne peuvent donc pas \u00eatre remplis.<\/p>\n\n\n\n<p>Des puits \u00e0 \u00e9nergie solaire permettraient d&#8217;am\u00e9liorer durablement l&#8217;approvisionnement en eau propre \u00e0 partir de r\u00e9servoirs constamment remplis \u00e0 proximit\u00e9. L&#8217;association KDT a donc \u00e9labor\u00e9 un plan visant \u00e0 \u00e9quiper les forages de pompes \u00e0 \u00e9nergie solaire et \u00e0 envoyer deux jeunes Tongas en formation au Polytechnic College de Bulawayo pour la maintenance. Pour ce projet, KDT nous a demand\u00e9 un soutien financier.<\/p>\n\n\n\n<p>Chayo a pu financer les frais de cours, y compris le mat\u00e9riel et le logement, avec les dons collect\u00e9s en 2020 et 2021.En outre, un total d&#8217;environ 8500\u20ac est n\u00e9cessaire pour les pompes \u00e0 \u00e9nergie solaire, y compris le transport et l&#8217;installation.Nous vous demandons de soutenir ce projet afin que l&#8217;am\u00e9lioration de l&#8217;approvisionnement en eau potable des Tongas de Siabuwa reste durable.<\/p>\n\n\n\n<figure class=\"wp-block-embed\"><div class=\"wp-block-embed__wrapper\">\nhttps:\/\/www.chanceforafricanyouth.org\/wp-content\/uploads\/2020\/11\/ChAYo-SEPA-Mandat-Spende.pdf\n<\/div><\/figure>\n","protected":false},"excerpt":{"rendered":"<p>D\u2018actualit\u00e9 novembre 2023 Ghatronic Ghatronic a \u00e9tabli des contacts avec des associations ghan\u00e9ennes de m\u00e9caniciens. Leur objectif est de former&hellip;<\/p>\n","protected":false},"author":2,"featured_media":0,"parent":0,"menu_order":0,"comment_status":"closed","ping_status":"closed","template":"","meta":{"footnotes":""},"translation":{"provider":"WPGlobus","version":"3.0.2","language":"fr","enabled_languages":["de","gb","fr","pt"],"languages":{"de":{"title":true,"content":true,"excerpt":false},"gb":{"title":true,"content":true,"excerpt":false},"fr":{"title":true,"content":true,"excerpt":false},"pt":{"title":true,"content":true,"excerpt":false}}},"_links":{"self":[{"href":"https:\/\/www.chanceforafricanyouth.org\/fr\/wp-json\/wp\/v2\/pages\/275"}],"collection":[{"href":"https:\/\/www.chanceforafricanyouth.org\/fr\/wp-json\/wp\/v2\/pages"}],"about":[{"href":"https:\/\/www.chanceforafricanyouth.org\/fr\/wp-json\/wp\/v2\/types\/page"}],"author":[{"embeddable":true,"href":"https:\/\/www.chanceforafricanyouth.org\/fr\/wp-json\/wp\/v2\/users\/2"}],"replies":[{"embeddable":true,"href":"https:\/\/www.chanceforafricanyouth.org\/fr\/wp-json\/wp\/v2\/comments?post=275"}],"version-history":[{"count":77,"href":"https:\/\/www.chanceforafricanyouth.org\/fr\/wp-json\/wp\/v2\/pages\/275\/revisions"}],"predecessor-version":[{"id":653,"href":"https:\/\/www.chanceforafricanyouth.org\/fr\/wp-json\/wp\/v2\/pages\/275\/revisions\/653"}],"wp:attachment":[{"href":"https:\/\/www.chanceforafricanyouth.org\/fr\/wp-json\/wp\/v2\/media?parent=275"}],"curies":[{"name":"wp","href":"https:\/\/api.w.org\/{rel}","templated":true}]}}