{"id":3,"date":"2018-09-03T09:05:24","date_gmt":"2018-09-03T07:05:24","guid":{"rendered":"\/?page_id=3"},"modified":"2023-01-19T17:04:43","modified_gmt":"2023-01-19T16:04:43","slug":"datenschutzerklaerung","status":"publish","type":"page","link":"https:\/\/www.chanceforafricanyouth.org\/fr\/datenschutzerklaerung\/","title":{"rendered":"POLITIQUE DE CONFIDENTIALIT\u00c9"},"content":{"rendered":"\n<p>Nous souhaitons vous informer de la mani\u00e8re dont nous prot\u00e9geons vos donn\u00e9es lorsque vous visitez le site chanceforafricanyouth.org&#8221;. Dans la mesure o\u00f9 il est fait r\u00e9f\u00e9rence au GDPR, ces droits ne s&#8217;appliquent que pour la p\u00e9riode du 24.05.2018<\/p>\n\n\n\n<p>LORSQUE VOUS ACC\u00c9DEZ AU SITE WEB :<\/p>\n\n\n\n<p>Le contr\u00f4leur est Chance for African Youth e.V. (ChAYo)<\/p>\n\n\n\n<p>Stein\u00e4cker 11, 70619 Stuttgart, Allemagne,<\/p>\n\n\n\n<p>www. Chanceforafricanyouth.com<\/p>\n\n\n\n<p>info@Chanceforafricanyouth.com<\/p>\n\n\n\n<p>Les donn\u00e9es sont trait\u00e9es dans le but de pouvoir vous pr\u00e9senter le contenu du site web. Le traitement des donn\u00e9es concern\u00e9es est licite car il est n\u00e9cessaire aux fins d&#8217;int\u00e9r\u00eats l\u00e9gitimes conform\u00e9ment \u00e0 l&#8217;art. 6 para. f GDPR et requis afin de prendre des mesures \u00e0 votre demande avant de conclure un contrat conform\u00e9ment \u00e0 l&#8217;art. 6 para. b GDPR. Le traitement des donn\u00e9es r\u00e9pond aux exigences de l&#8217;art. 6 para. f GDPR en raison du fait que des tiers doivent \u00eatre impliqu\u00e9s dans la transmission des donn\u00e9es via le site Web (fournisseurs de services Internet), par t\u00e9l\u00e9phone (fournisseur de services t\u00e9l\u00e9phoniques), par courriel (fournisseurs de services Internet pendant le transit du courriel et fournisseurs de comptes de messagerie) et par lettre (entreprises postales). Sans l&#8217;intervention de tiers, il n&#8217;est pas possible de pr\u00e9senter le contenu dans votre navigateur Internet. L&#8217;intervention de tiers est limit\u00e9e \u00e0 ceux qui sont directement impliqu\u00e9s dans le processus de communication. Vous disposez d&#8217;un droit d&#8217;acc\u00e8s, de rectification, de suppression, de restriction et de portabilit\u00e9 des donn\u00e9es. Vous avez le droit de d\u00e9poser une plainte aupr\u00e8s d&#8217;une autorit\u00e9 de contr\u00f4le. Nous n&#8217;avons pas recours \u00e0 la prise de d\u00e9cision automatis\u00e9e ni au profilage.&nbsp;<\/p>\n\n\n\n<p>Quelles sont les donn\u00e9es personnelles que nous collectons et pourquoi nous les collectons ?<\/p>\n\n\n\n<p><strong>Formulaire de contact :<\/strong><\/p>\n\n\n\n<p>Nous ne stockons les donn\u00e9es personnelles que dans le but de g\u00e9rer l&#8217;adh\u00e9sion.<\/p>\n\n\n\n<p>Nous ne transf\u00e9rons pas les donn\u00e9es \u00e0 des tiers et ne les utilisons pas \u00e0 des fins publicitaires.<\/p>\n\n\n\n<p><strong>Cookies<\/strong><\/p>\n\n\n\n<p>Notre site web ne g\u00e9n\u00e8re pas de cookies.<\/p>\n","protected":false},"excerpt":{"rendered":"<p>Nous souhaitons vous informer de la mani\u00e8re dont nous prot\u00e9geons vos donn\u00e9es lorsque vous visitez le site chanceforafricanyouth.org&#8221;. Dans la&hellip;<\/p>\n","protected":false},"author":1,"featured_media":0,"parent":0,"menu_order":0,"comment_status":"closed","ping_status":"open","template":"","meta":{"footnotes":""},"translation":{"provider":"WPGlobus","version":"3.0.2","language":"fr","enabled_languages":["de","gb","fr","pt"],"languages":{"de":{"title":true,"content":true,"excerpt":false},"gb":{"title":true,"content":true,"excerpt":false},"fr":{"title":true,"content":true,"excerpt":false},"pt":{"title":true,"content":true,"excerpt":false}}},"_links":{"self":[{"href":"https:\/\/www.chanceforafricanyouth.org\/fr\/wp-json\/wp\/v2\/pages\/3"}],"collection":[{"href":"https:\/\/www.chanceforafricanyouth.org\/fr\/wp-json\/wp\/v2\/pages"}],"about":[{"href":"https:\/\/www.chanceforafricanyouth.org\/fr\/wp-json\/wp\/v2\/types\/page"}],"author":[{"embeddable":true,"href":"https:\/\/www.chanceforafricanyouth.org\/fr\/wp-json\/wp\/v2\/users\/1"}],"replies":[{"embeddable":true,"href":"https:\/\/www.chanceforafricanyouth.org\/fr\/wp-json\/wp\/v2\/comments?post=3"}],"version-history":[{"count":5,"href":"https:\/\/www.chanceforafricanyouth.org\/fr\/wp-json\/wp\/v2\/pages\/3\/revisions"}],"predecessor-version":[{"id":432,"href":"https:\/\/www.chanceforafricanyouth.org\/fr\/wp-json\/wp\/v2\/pages\/3\/revisions\/432"}],"wp:attachment":[{"href":"https:\/\/www.chanceforafricanyouth.org\/fr\/wp-json\/wp\/v2\/media?parent=3"}],"curies":[{"name":"wp","href":"https:\/\/api.w.org\/{rel}","templated":true}]}}