{"id":34,"date":"2020-09-11T17:07:22","date_gmt":"2020-09-11T15:07:22","guid":{"rendered":"https:\/\/www.chanceforafricanyouth.org\/?page_id=34"},"modified":"2022-01-22T17:21:41","modified_gmt":"2022-01-22T16:21:41","slug":"ueber-uns","status":"publish","type":"page","link":"https:\/\/www.chanceforafricanyouth.org\/fr\/ueber-uns\/","title":{"rendered":"Qui nous sommes"},"content":{"rendered":"\n<p><strong>et qui est ChAYo<\/strong> &#8211; nous sommes des personnes d&#8217;\u00e2ges, de sexes, d&#8217;origines, de parcours professionnels et d&#8217;exp\u00e9riences personnelles diff\u00e9rents dans les pays africains. Certains d&#8217;entre nous viennent de pays africains ou y ont travaill\u00e9. En nous impliquant dans des projets d&#8217;\u00e9ducation et de formation, nous avons eu l&#8217;id\u00e9e de d\u00e9velopper quelque chose de significatif.<\/p>\n\n\n\n<p>Nous sommes convaincus que l&#8217;aide ne peut stimuler le d\u00e9veloppement durable que si elle soutient les id\u00e9es et les initiatives des populations locales.<\/p>\n\n\n\n<p><strong>Notre objectif<\/strong> est de promouvoir un d\u00e9veloppement ind\u00e9pendant et la responsabilit\u00e9 locale.<\/p>\n\n\n\n<p><strong>Qui est soutenu?<\/strong><\/p>\n\n\n\n<p>Les jeunes, porteurs d&#8217;espoir pour les familles et la soci\u00e9t\u00e9, ont la possibilit\u00e9 de se d\u00e9velopper gr\u00e2ce \u00e0 leur cr\u00e9ativit\u00e9, leur motivation et leur engagement. C&#8217;est pourquoi nous encourageons et soutenons les institutions et les projets locaux d&#8217;enseignement professionnel et scolaire, qui sont n\u00e9s de leur propre initiative.<\/p>\n\n\n\n<p><strong>Que soutenons-nous?<\/strong><\/p>\n\n\n\n<ul><li>Financement de d\u00e9marrage de nouveaux projets<\/li><li>Subventions pour les acquisitions, l&#8217;expansion, les extensions de projets existants<\/li><li>projets temporaires<\/li><li>des conseils et de l&#8217;aide, \u00e9galement pour les bases th\u00e9oriques<\/li><li>la mise en r\u00e9seau \u00e9ventuelle avec d&#8217;autres projets et groupes.<\/li><\/ul>\n\n\n\n<p><strong>Nos crit\u00e8res de financement:<\/strong><\/p>\n\n\n\n<ul><li>Des possibilit\u00e9s de formation et d&#8217;\u00e9ducation pour tous les jeunes<\/li><li>la tra\u00e7abilit\u00e9 et la durabilit\u00e9 du soutien\/financement<\/li><li>pas de financement ou de pr\u00eat permanent<\/li><\/ul>\n\n\n\n<p>Nous appr\u00e9cions l&#8217;int\u00e9r\u00eat que vous portez \u00e0 notre association et \u00e0 notre travail, qui est exclusivement b\u00e9n\u00e9vole. La r\u00e9alisation de nos objectifs ne peut se faire qu&#8217;en travaillant avec &nbsp;de nombreux aides, sympathisants, donateurs et sponsors.<\/p>\n\n\n\n<p>Vous souhaitez faire un don?&nbsp;<\/p>\n\n\n\n<p>Volksbank Stuttgart VOBADES<\/p>\n\n\n\n<p>IBAN: DE03 6009 0100 0625 3470 05<\/p>\n\n\n\n<p>Vous souhaitez devenir membre?<\/p>\n\n\n\n<p>Le formulaire de candidature est disponible sur notre site web: <a href=\"http:\/\/www.chanceforafricanyouth.org\">www.chanceforafricanyouth.org<\/a>.<\/p>\n","protected":false},"excerpt":{"rendered":"<p>et qui est ChAYo &#8211; nous sommes des personnes d&#8217;\u00e2ges, de sexes, d&#8217;origines, de parcours professionnels et d&#8217;exp\u00e9riences personnelles diff\u00e9rents&hellip;<\/p>\n","protected":false},"author":1,"featured_media":0,"parent":0,"menu_order":0,"comment_status":"closed","ping_status":"closed","template":"","meta":{"footnotes":""},"translation":{"provider":"WPGlobus","version":"3.0.2","language":"fr","enabled_languages":["de","gb","fr","pt"],"languages":{"de":{"title":true,"content":true,"excerpt":false},"gb":{"title":true,"content":true,"excerpt":false},"fr":{"title":true,"content":true,"excerpt":false},"pt":{"title":true,"content":true,"excerpt":false}}},"_links":{"self":[{"href":"https:\/\/www.chanceforafricanyouth.org\/fr\/wp-json\/wp\/v2\/pages\/34"}],"collection":[{"href":"https:\/\/www.chanceforafricanyouth.org\/fr\/wp-json\/wp\/v2\/pages"}],"about":[{"href":"https:\/\/www.chanceforafricanyouth.org\/fr\/wp-json\/wp\/v2\/types\/page"}],"author":[{"embeddable":true,"href":"https:\/\/www.chanceforafricanyouth.org\/fr\/wp-json\/wp\/v2\/users\/1"}],"replies":[{"embeddable":true,"href":"https:\/\/www.chanceforafricanyouth.org\/fr\/wp-json\/wp\/v2\/comments?post=34"}],"version-history":[{"count":11,"href":"https:\/\/www.chanceforafricanyouth.org\/fr\/wp-json\/wp\/v2\/pages\/34\/revisions"}],"predecessor-version":[{"id":290,"href":"https:\/\/www.chanceforafricanyouth.org\/fr\/wp-json\/wp\/v2\/pages\/34\/revisions\/290"}],"wp:attachment":[{"href":"https:\/\/www.chanceforafricanyouth.org\/fr\/wp-json\/wp\/v2\/media?parent=34"}],"curies":[{"name":"wp","href":"https:\/\/api.w.org\/{rel}","templated":true}]}}