{"id":95,"date":"2020-09-14T16:29:33","date_gmt":"2020-09-14T14:29:33","guid":{"rendered":"https:\/\/www.chanceforafricanyouth.org\/?page_id=95"},"modified":"2020-09-25T21:50:01","modified_gmt":"2020-09-25T19:50:01","slug":"college-of-agriculture-babati-tz","status":"publish","type":"page","link":"https:\/\/www.chanceforafricanyouth.org\/gb\/college-of-agriculture-babati-tz\/","title":{"rendered":"College of Agriculture"},"content":{"rendered":"\n<!-- PhotoBlocks for WordPress v1.2.2 free --><style> #photoblocks-1 {width: 100%;} #photoblocks-1 .pb-block {border-color: #333333;} #photoblocks-1 .pb-title {color: #ffffff;font-size: 20px;} #photoblocks-1 .pb-description {color: rgba(255, 255, 255, 0.7);font-size: 14px;} #photoblocks-1 .pb-block.pb-type-text .pb-overlay {} #photoblocks-1 .pb-block.pb-type-text .pb-title, #photoblocks-1 .pb-block.pb-type-text .pb-description {} #photoblocks-1 .pb-block.pb-type-text .pb-title {} #photoblocks-1 .pb-block.pb-type-text .pb-description {} #photoblocks-1 .pb-overlay {background: rgba(0, 0, 0, 0.75);} #photoblocks-1.pb-lift.show-empty-overlay .pb-block.pb-type-image:hover, #photoblocks-1.pb-lift .pb-block.pb-type-image.with-text:hover { box-shadow: rgba(0, 0, 0, 0.75) 0 0 20px; } #photoblocks-1 .pb-block { } #photoblocks-1 .pb-block .pb-social button {color: #ffffff;font-size: 14px;} #photoblocks-1 .pb-blocks .pb-type-image {max-width: calc( 100% - 10px )} <\/style><div class=\"photoblocks-gallery pb-blur pb-lift pb-effect-fade\" data-anim=\"fade\" id=\"photoblocks-1\"> <div class=\"pb-blocks\"> <div class=\"pb-block pb-portrait pb-height pb-type-image \" style=\"\" data-colspan=\"1\" data-rowspan=\"1\" data-col=\"0\" data-row=\"0\" data-valign=\"center\" data-halign=\"center\" data-type=\"image\" data-ratio=\"0.75\"> <img decoding=\"async\" class=\"pb-image skip-lazy \" src=\"data:image\/png;base64,iVBORw0KGgoAAAANSUhEUgAAAAEAAAABCAYAAAAfFcSJAAAADUlEQVR42mNkYPhfDwAChwGA60e6kgAAAABJRU5ErkJggg==\" data-pb-source=\"https:\/\/www.chanceforafricanyouth.org\/wp-content\/uploads\/2020\/09\/Behandlung-im-Versuchsfeld-768x1024.jpg\" alt=\"\"> <noscript><img decoding=\"async\" src=\"https:\/\/www.chanceforafricanyouth.org\/wp-content\/uploads\/2020\/09\/Behandlung-im-Versuchsfeld-scaled.jpg\" alt=\"\"><\/noscript> <a class=\"pb-link \" data-magnific=\"gallery-1\" data-caption=\"\" rel=\"\" target=\"\" href=\"https:\/\/www.chanceforafricanyouth.org\/wp-content\/plugins\/photoblocks-grid-gallery\/includes\/..\/public\/pbm.php?zc=4&max=1600&src=https:\/\/www.chanceforafricanyouth.org\/wp-content\/uploads\/2020\/09\/Behandlung-im-Versuchsfeld-768x1024.jpg\"> <\/a> <\/div> <div class=\"pb-block pb-landscape pb-width pb-type-image \" style=\"\" data-colspan=\"1\" data-rowspan=\"1\" data-col=\"1\" data-row=\"0\" data-valign=\"center\" data-halign=\"center\" data-type=\"image\" data-ratio=\"1.7777777777778\"> <img decoding=\"async\" class=\"pb-image skip-lazy \" src=\"data:image\/png;base64,iVBORw0KGgoAAAANSUhEUgAAAAEAAAABCAYAAAAfFcSJAAAADUlEQVR42mNkYPhfDwAChwGA60e6kgAAAABJRU5ErkJggg==\" data-pb-source=\"https:\/\/www.chanceforafricanyouth.org\/wp-content\/uploads\/2020\/09\/Farmsgenuese-2-1024x576.jpg\" alt=\"\"> <noscript><img decoding=\"async\" src=\"https:\/\/www.chanceforafricanyouth.org\/wp-content\/uploads\/2020\/09\/Farmsgenuese-2-scaled.jpg\" alt=\"\"><\/noscript> <a class=\"pb-link \" data-magnific=\"gallery-1\" data-caption=\"\" rel=\"\" target=\"\" href=\"https:\/\/www.chanceforafricanyouth.org\/wp-content\/plugins\/photoblocks-grid-gallery\/includes\/..\/public\/pbm.php?zc=4&max=1600&src=https:\/\/www.chanceforafricanyouth.org\/wp-content\/uploads\/2020\/09\/Farmsgenuese-2-1024x576.jpg\"> <\/a> <\/div> <div class=\"pb-block pb-portrait pb-height pb-type-image \" style=\"\" data-colspan=\"1\" data-rowspan=\"1\" data-col=\"2\" data-row=\"0\" data-valign=\"center\" data-halign=\"center\" data-type=\"image\" data-ratio=\"0.75\"> <img decoding=\"async\" class=\"pb-image skip-lazy \" src=\"data:image\/png;base64,iVBORw0KGgoAAAANSUhEUgAAAAEAAAABCAYAAAAfFcSJAAAADUlEQVR42mNkYPhfDwAChwGA60e6kgAAAABJRU5ErkJggg==\" data-pb-source=\"https:\/\/www.chanceforafricanyouth.org\/wp-content\/uploads\/2020\/09\/IMG_20180830_114236-1-768x1024.jpg\" alt=\"\"> <noscript><img decoding=\"async\" src=\"https:\/\/www.chanceforafricanyouth.org\/wp-content\/uploads\/2020\/09\/IMG_20180830_114236-1-scaled.jpg\" alt=\"\"><\/noscript> <a class=\"pb-link \" data-magnific=\"gallery-1\" data-caption=\"\" rel=\"\" target=\"\" href=\"https:\/\/www.chanceforafricanyouth.org\/wp-content\/plugins\/photoblocks-grid-gallery\/includes\/..\/public\/pbm.php?zc=4&max=1600&src=https:\/\/www.chanceforafricanyouth.org\/wp-content\/uploads\/2020\/09\/IMG_20180830_114236-1-768x1024.jpg\"> <\/a> <\/div> <div class=\"pb-block pb-portrait pb-height pb-type-image \" style=\"\" data-colspan=\"1\" data-rowspan=\"1\" data-col=\"3\" data-row=\"0\" data-valign=\"center\" data-halign=\"center\" data-type=\"image\" data-ratio=\"0.75\"> <img decoding=\"async\" class=\"pb-image skip-lazy \" src=\"data:image\/png;base64,iVBORw0KGgoAAAANSUhEUgAAAAEAAAABCAYAAAAfFcSJAAAADUlEQVR42mNkYPhfDwAChwGA60e6kgAAAABJRU5ErkJggg==\" data-pb-source=\"https:\/\/www.chanceforafricanyouth.org\/wp-content\/uploads\/2020\/09\/Student_innen-bei-der-Unterricht-1-768x1024.jpg\" alt=\"\"> <noscript><img decoding=\"async\" src=\"https:\/\/www.chanceforafricanyouth.org\/wp-content\/uploads\/2020\/09\/Student_innen-bei-der-Unterricht-1-scaled.jpg\" alt=\"\"><\/noscript> <a class=\"pb-link \" data-magnific=\"gallery-1\" data-caption=\"\" rel=\"\" target=\"\" href=\"https:\/\/www.chanceforafricanyouth.org\/wp-content\/plugins\/photoblocks-grid-gallery\/includes\/..\/public\/pbm.php?zc=4&max=1600&src=https:\/\/www.chanceforafricanyouth.org\/wp-content\/uploads\/2020\/09\/Student_innen-bei-der-Unterricht-1-768x1024.jpg\"> <\/a> <\/div> <\/div><\/div><div id=\"photoblocks-fancybox-1\"><\/div><script>jQuery(function () { var p = new PhotoBlocks({ selector: \"#photoblocks-1\", columns: 4, padding: 10, resizer: \"\", image_quality: 80, disable_below: 320, imageFactor: 1.5, on: { before: function () { }, after: function () { }, refresh: function () { } }, mobile_layout: [], lazy: false, debug: false }); jQuery(\"#photoblocks-1\").magnificPopup({ delegate: \".pb-block:not(.pb-filtered) [data-magnific]\", type: \"image\", gallery: { enabled: true, preload: [0,2] }, image: { titleSrc: 'data-caption' }, mainClass: \"mfp-1\" }); });<\/script>\n\n\n\n<p><strong>College of Integrated Agriculture and Vocational Training in Babati, Tanzania.<\/strong><\/p>\n\n\n\n<p>Hier absolvieren Student*innen eine zweij\u00e4hrige landwirtschaftliche Ausbildung zum professionellen Landwirt. Weiter bietet das College Fortbildungen und Seminare f\u00fcr Landwirte aus der Umgebung an. W\u00e4hrend ihrer Ausbildung wohnen die Student*innen im Internat auf dem Gel\u00e4nde des Colleges.<\/p>\n\n\n\n<p>Das College produziert f\u00fcr den Eigenbedarf und die Lehre landwirtschaftliche Erzeugnisse aus Acker-, Gartenbau und Tierhaltung. Versuchsfelder sind f\u00fcr die nachhaltigen Pflanzenbauma\u00dfnahmen angelegt. Schwerpunkte sind das Erlernen der nachhaltigen Bodenbearbeitung, der Anwendung von biologischen Pflanzenschutzma\u00dfnahmen sowie Pflanzenpathologie und Virologie.<\/p>\n\n\n\n<p>Das College ben\u00f6tigt Unterst\u00fctzung f\u00fcr die Ausbildung an landwirtschaftlichen Maschinen und f\u00fcr Ger\u00e4te zur Vorbereitung und Vervielf\u00e4ltigung der Lehrmaterialien.<\/p>\n","protected":false},"excerpt":{"rendered":"<p>College of Integrated Agriculture and Vocational Training in Babati, Tanzania. Hier absolvieren Student*innen eine zweij\u00e4hrige landwirtschaftliche Ausbildung zum professionellen Landwirt.&hellip;<\/p>\n","protected":false},"author":1,"featured_media":0,"parent":0,"menu_order":1,"comment_status":"closed","ping_status":"closed","template":"","meta":{"footnotes":""},"translation":{"provider":"WPGlobus","version":"3.0.2","language":"gb","enabled_languages":["de","gb","fr","pt"],"languages":{"de":{"title":true,"content":true,"excerpt":false},"gb":{"title":false,"content":false,"excerpt":false},"fr":{"title":false,"content":false,"excerpt":false},"pt":{"title":false,"content":false,"excerpt":false}}},"_links":{"self":[{"href":"https:\/\/www.chanceforafricanyouth.org\/gb\/wp-json\/wp\/v2\/pages\/95"}],"collection":[{"href":"https:\/\/www.chanceforafricanyouth.org\/gb\/wp-json\/wp\/v2\/pages"}],"about":[{"href":"https:\/\/www.chanceforafricanyouth.org\/gb\/wp-json\/wp\/v2\/types\/page"}],"author":[{"embeddable":true,"href":"https:\/\/www.chanceforafricanyouth.org\/gb\/wp-json\/wp\/v2\/users\/1"}],"replies":[{"embeddable":true,"href":"https:\/\/www.chanceforafricanyouth.org\/gb\/wp-json\/wp\/v2\/comments?post=95"}],"version-history":[{"count":10,"href":"https:\/\/www.chanceforafricanyouth.org\/gb\/wp-json\/wp\/v2\/pages\/95\/revisions"}],"predecessor-version":[{"id":177,"href":"https:\/\/www.chanceforafricanyouth.org\/gb\/wp-json\/wp\/v2\/pages\/95\/revisions\/177"}],"wp:attachment":[{"href":"https:\/\/www.chanceforafricanyouth.org\/gb\/wp-json\/wp\/v2\/media?parent=95"}],"curies":[{"name":"wp","href":"https:\/\/api.w.org\/{rel}","templated":true}]}}