{"id":243,"date":"2020-12-24T13:56:59","date_gmt":"2020-12-24T12:56:59","guid":{"rendered":"https:\/\/www.chanceforafricanyouth.org\/?page_id=243"},"modified":"2023-01-19T17:21:05","modified_gmt":"2023-01-19T16:21:05","slug":"impressum","status":"publish","type":"page","link":"https:\/\/www.chanceforafricanyouth.org\/pt\/impressum\/","title":{"rendered":"Impress\u00e3o y Pol\u00edtica de Privacidade"},"content":{"rendered":"\n<p>Oportunidade para a Juventude Africana e.V. (ChAYo)<\/p>\n\n\n\n<p>Stein\u00e4cker 11<\/p>\n\n\n\n<p>70619 Stuttgart<\/p>\n\n\n\n<p>0711 7846838<\/p>\n\n\n\n<p><a href=\"mailto:info@chanceforafricanyouth.org\" data-type=\"mailto\" data-id=\"mailto:info@chanceforafricanyouth.org\">info@chanceforafricanyouth.org<\/a><\/p>\n\n\n\n<p>A associa\u00e7\u00e3o registada prossegue exclusiva e directamente fins n\u00e3o lucrativos no sentido da sec\u00e7\u00e3o &#8220;fins fiscais privilegiados&#8221; da portaria fiscal (\u00a7\u00a751ff. AO).<\/p>\n\n\n\n<p>Tribunal de registo: Amtsgericht Stuttgart<\/p>\n\n\n\n<p>VR: 724283<\/p>\n\n\n\n<p>Conselho de Administra\u00e7\u00e3o: cada membro do conselho de administra\u00e7\u00e3o est\u00e1 individualmente autorizado a representar a associa\u00e7\u00e3o.<\/p>\n\n\n\n<p>Olatunde Sadiq &#8211; Presidente<\/p>\n\n\n\n<p>Helgard Ziegler &#8211; Tesoureiro<\/p>\n\n\n\n<p>Susanne Haller-Sadiq &#8211; Secret\u00e1ria<\/p>\n\n\n\n<p><\/p>\n\n\n\n<p><\/p>\n\n\n\n<p><strong>Pol\u00edtica de Privacidade<\/strong><\/p>\n\n\n\n<p>Gostar\u00edamos de o informar sobre como protegemos os seus dados quando visita o website chanceforafricanyouth.org&#8221;. Na medida em que \u00e9 feita refer\u00eancia ao GDPR, estes direitos s\u00f3 se aplicam para o per\u00edodo a partir de 24.05.2018<\/p>\n\n\n\n<p>QUANDO SE ACEDE AO S\u00cdTIO WEB:<\/p>\n\n\n\n<p><a href=\"http:\/\/www.chanceforafricanyouth.com\" data-type=\"URL\" data-id=\"www.chanceforafricanyouth.com\">www.chanceforafricanyouth.com<\/a><\/p>\n\n\n\n<p>Os dados s\u00e3o tratados com a finalidade de lhe poder apresentar o conte\u00fado do s\u00edtio web. O tratamento dos dados em quest\u00e3o \u00e9 l\u00edcito, uma vez que \u00e9 necess\u00e1rio para os fins de interesses leg\u00edtimos, de acordo com o Art. 6 par. f GDPR e exigido para tomar medidas a seu pedido antes da celebra\u00e7\u00e3o de um contrato, em conformidade com o artigo. 6, al\u00ednea b GDPR. O processamento de dados cumpre os requisitos do artigo 6. 6, al\u00ednea f GDPR devido ao facto de que terceiros devem estar envolvidos na transmiss\u00e3o de dados atrav\u00e9s do website (fornecedores de servi\u00e7os de Internet), por telefone (fornecedor de servi\u00e7os de telefone), por correio electr\u00f3nico (fornecedores de servi\u00e7os de Internet enquanto o correio electr\u00f3nico estiver em tr\u00e2nsito e fornecedores de contas de correio electr\u00f3nico) e por carta (empresas postais). Sem o envolvimento de terceiros, n\u00e3o \u00e9 poss\u00edvel apresentar o conte\u00fado no seu navegador da Internet. O envolvimento de terceiros est\u00e1 limitado \u00e0s pessoas directamente envolvidas no processo de comunica\u00e7\u00e3o. Tem o direito de acesso, rectifica\u00e7\u00e3o, elimina\u00e7\u00e3o, restri\u00e7\u00e3o e portabilidade dos dados. Tem o direito de apresentar uma queixa a uma autoridade de controlo. N\u00e3o utilizamos a tomada de decis\u00f5es automatizada ou a defini\u00e7\u00e3o de perfis.&nbsp;<\/p>\n\n\n\n<p>Que dados pessoais recolhemos e por que raz\u00e3o os recolhemos<\/p>\n\n\n\n<p><strong>Formul\u00e1rio de contacto:<\/strong><\/p>\n\n\n\n<p>S\u00f3 armazenamos dados pessoais para efeitos de administra\u00e7\u00e3o da ades\u00e3o.<\/p>\n\n\n\n<p>N\u00e3o transferimos dados a terceiros nem utilizamos dados para fins publicit\u00e1rios.<\/p>\n\n\n\n<p><strong>Cookies<\/strong><\/p>\n\n\n\n<p>O nosso s\u00edtio web n\u00e3o gera cookies.<\/p>\n\n\n\n<p><\/p>\n","protected":false},"excerpt":{"rendered":"<p>Oportunidade para a Juventude Africana e.V. (ChAYo) Stein\u00e4cker 11 70619 Stuttgart 0711 7846838 info@chanceforafricanyouth.org A associa\u00e7\u00e3o registada prossegue exclusiva e&hellip;<\/p>\n","protected":false},"author":2,"featured_media":0,"parent":0,"menu_order":0,"comment_status":"closed","ping_status":"closed","template":"","meta":{"footnotes":""},"translation":{"provider":"WPGlobus","version":"3.0.2","language":"pt","enabled_languages":["de","gb","fr","pt"],"languages":{"de":{"title":true,"content":true,"excerpt":false},"gb":{"title":true,"content":true,"excerpt":false},"fr":{"title":true,"content":true,"excerpt":false},"pt":{"title":true,"content":true,"excerpt":false}}},"_links":{"self":[{"href":"https:\/\/www.chanceforafricanyouth.org\/pt\/wp-json\/wp\/v2\/pages\/243"}],"collection":[{"href":"https:\/\/www.chanceforafricanyouth.org\/pt\/wp-json\/wp\/v2\/pages"}],"about":[{"href":"https:\/\/www.chanceforafricanyouth.org\/pt\/wp-json\/wp\/v2\/types\/page"}],"author":[{"embeddable":true,"href":"https:\/\/www.chanceforafricanyouth.org\/pt\/wp-json\/wp\/v2\/users\/2"}],"replies":[{"embeddable":true,"href":"https:\/\/www.chanceforafricanyouth.org\/pt\/wp-json\/wp\/v2\/comments?post=243"}],"version-history":[{"count":9,"href":"https:\/\/www.chanceforafricanyouth.org\/pt\/wp-json\/wp\/v2\/pages\/243\/revisions"}],"predecessor-version":[{"id":439,"href":"https:\/\/www.chanceforafricanyouth.org\/pt\/wp-json\/wp\/v2\/pages\/243\/revisions\/439"}],"wp:attachment":[{"href":"https:\/\/www.chanceforafricanyouth.org\/pt\/wp-json\/wp\/v2\/media?parent=243"}],"curies":[{"name":"wp","href":"https:\/\/api.w.org\/{rel}","templated":true}]}}