{"id":275,"date":"2022-01-22T15:46:40","date_gmt":"2022-01-22T14:46:40","guid":{"rendered":"https:\/\/www.chanceforafricanyouth.org\/?page_id=275"},"modified":"2025-12-17T14:28:41","modified_gmt":"2025-12-17T13:28:41","slug":"aktuelles","status":"publish","type":"page","link":"https:\/\/www.chanceforafricanyouth.org\/pt\/aktuelles\/","title":{"rendered":"Actual"},"content":{"rendered":"\n<p><strong>\u00daltimas not\u00edcias Novembro 2023<\/strong><\/p>\n\n\n\n<p><strong>Ghatronic<\/strong><\/p>\n\n\n\n<p>A Ghatronic estabeleceu contactos com associa\u00e7\u00f5es de mec\u00e2nicos do Gana. O seu objetivo \u00e9 formar mec\u00e2nicos como instrutores em todo o pa\u00eds. At\u00e9 23 de novembro, 200 multiplicadores receberam forma\u00e7\u00e3o te\u00f3rica e pr\u00e1tica nas instala\u00e7\u00f5es de uma associa\u00e7\u00e3o.<\/p>\n\n\n\n<div class=\"wp-block-columns is-layout-flex wp-container-core-columns-is-layout-1 wp-block-columns-is-layout-flex\">\n<div class=\"wp-block-column is-layout-flow wp-block-column-is-layout-flow\" style=\"flex-basis:30%\">\n<figure class=\"wp-block-image size-full is-resized\"><img loading=\"lazy\" decoding=\"async\" src=\"https:\/\/www.chanceforafricanyouth.org\/wp-content\/uploads\/2023\/12\/image-1.png\" alt=\"\" class=\"wp-image-515\" width=\"211\" height=\"140\" srcset=\"https:\/\/www.chanceforafricanyouth.org\/wp-content\/uploads\/2023\/12\/image-1.png 405w, https:\/\/www.chanceforafricanyouth.org\/wp-content\/uploads\/2023\/12\/image-1-300x199.png 300w\" sizes=\"(max-width: 211px) 100vw, 211px\" \/><\/figure>\n<\/div>\n\n\n\n<div class=\"wp-block-column is-layout-flow wp-block-column-is-layout-flow\" style=\"flex-basis:65%\">\n<figure class=\"wp-block-image size-full is-resized\"><img loading=\"lazy\" decoding=\"async\" src=\"https:\/\/www.chanceforafricanyouth.org\/wp-content\/uploads\/2023\/12\/image-2.png\" alt=\"\" class=\"wp-image-516\" width=\"312\" height=\"140\" srcset=\"https:\/\/www.chanceforafricanyouth.org\/wp-content\/uploads\/2023\/12\/image-2.png 601w, https:\/\/www.chanceforafricanyouth.org\/wp-content\/uploads\/2023\/12\/image-2-300x135.png 300w\" sizes=\"(max-width: 312px) 100vw, 312px\" \/><\/figure>\n<\/div>\n<\/div>\n\n\n\n<p><strong>Precisamos de apoio financeiro para organizar cursos de forma\u00e7\u00e3o noutras cidades e para podermos financiar salas adicionais (por exemplo, contentores), plataformas elevat\u00f3rias e equipamento de forma\u00e7\u00e3o.<\/strong><\/p>\n\n\n\n<p><a href=\"https:\/\/ghatronic.com\/wp-content\/uploads\/2023\/05\/Praesentation-Werkstatt-mit-Diagnose-Seminaren-2023_05_15.pdf\">https:\/\/ghatronic.com\/wp-content\/uploads\/2023\/05\/Praesentation-Werkstatt-mit-Diagnose-Seminaren-2023_05_15.pdf<\/a><\/p>\n\n\n\n<p><strong><br>KDT Kujwe Development Trust em Siabuwa, Zimbabu\u00e9<\/strong><\/p>\n\n\n\n<p>Duas bombas alimentadas por energia solar foram instaladas na primavera de 2013. No entanto, o teste de capacidade de \u00e1gua mostrou que apenas dois dos quatro furos existentes eram adequados para a instala\u00e7\u00e3o de bombas de po\u00e7o alimentadas por energia solar.<\/p>\n\n\n\n<div class=\"wp-block-columns is-layout-flex wp-container-core-columns-is-layout-2 wp-block-columns-is-layout-flex\">\n<div class=\"wp-block-column is-layout-flow wp-block-column-is-layout-flow\" style=\"flex-basis:25%\">\n<figure class=\"wp-block-image alignwide size-full\"><img loading=\"lazy\" decoding=\"async\" width=\"268\" height=\"357\" src=\"https:\/\/www.chanceforafricanyouth.org\/wp-content\/uploads\/2023\/12\/image-3.png\" alt=\"\" class=\"wp-image-517\" srcset=\"https:\/\/www.chanceforafricanyouth.org\/wp-content\/uploads\/2023\/12\/image-3.png 268w, https:\/\/www.chanceforafricanyouth.org\/wp-content\/uploads\/2023\/12\/image-3-225x300.png 225w\" sizes=\"(max-width: 268px) 100vw, 268px\" \/><\/figure>\n<\/div>\n\n\n\n<div class=\"wp-block-column is-layout-flow wp-block-column-is-layout-flow\" style=\"flex-basis:50%\">\n<figure class=\"wp-block-image alignwide size-full\"><img loading=\"lazy\" decoding=\"async\" width=\"459\" height=\"353\" src=\"https:\/\/www.chanceforafricanyouth.org\/wp-content\/uploads\/2023\/12\/image-4.png\" alt=\"\" class=\"wp-image-518\" srcset=\"https:\/\/www.chanceforafricanyouth.org\/wp-content\/uploads\/2023\/12\/image-4.png 459w, https:\/\/www.chanceforafricanyouth.org\/wp-content\/uploads\/2023\/12\/image-4-300x231.png 300w\" sizes=\"(max-width: 459px) 100vw, 459px\" \/><\/figure>\n<\/div>\n\n\n\n<div class=\"wp-block-column is-layout-flow wp-block-column-is-layout-flow\" style=\"flex-basis:25%\">\n<figure class=\"wp-block-image alignwide size-full\"><img loading=\"lazy\" decoding=\"async\" width=\"259\" height=\"346\" src=\"https:\/\/www.chanceforafricanyouth.org\/wp-content\/uploads\/2023\/12\/image-5.png\" alt=\"\" class=\"wp-image-519\" srcset=\"https:\/\/www.chanceforafricanyouth.org\/wp-content\/uploads\/2023\/12\/image-5.png 259w, https:\/\/www.chanceforafricanyouth.org\/wp-content\/uploads\/2023\/12\/image-5-225x300.png 225w\" sizes=\"(max-width: 259px) 100vw, 259px\" \/><\/figure>\n<\/div>\n<\/div>\n\n\n\n<p>Para podermos abastecer de \u00e1gua as outras duas povoa\u00e7\u00f5es, mand\u00e1mos efetuar investiga\u00e7\u00f5es hidrogeol\u00f3gicas<strong>.<\/strong><\/p>\n\n\n\n<p><strong>Precisamos de apoio financeiro para os dois furos necess\u00e1rios com testes de capacidade e para a instala\u00e7\u00e3o de bombas movidas a energia solar.<\/strong><\/p>\n\n\n\n<p><\/p>\n\n\n\n<p>2022<\/p>\n\n\n\n<p>Tamb\u00e9m n\u00f3s ainda estamos a sentir os efeitos da Corona, raz\u00e3o pela qual estamos neste momento concentrados em apenas duas subven\u00e7\u00f5es de projecto.<\/p>\n\n\n\n<p><strong>Ghatronic<\/strong><\/p>\n\n\n\n<p>A Escola de Mec\u00e2nica Digi-Mechanics p\u00f4de realizar cursos em Acra em mar\u00e7o de 2022 para multiplicadores em el\u00e9trica, sistemas de gerenciamento de motores, din\u00e2mica de ve\u00edculos e est\u00e1 em processo de instala\u00e7\u00e3o de um offshoot em Kumasi, a segunda maior cidade de Gana. Os primeiros cursos est\u00e3o sendo ministrados l\u00e1 desde meados de novembro.<\/p>\n\n\n\n<p><a href=\"https:\/\/ghatronic.com\/news\/\" data-type=\"URL\" data-id=\"https:\/\/ghatronic.com\/news\/\">https:\/\/ghatronic.com\/news\/<\/a><\/p>\n\n\n\n<p><strong>KDT Kujwe Development Trust em Siabuwa, Zimbabu\u00e9<\/strong><\/p>\n\n\n\n<p>Atrav\u00e9s do contacto constante de um membro da nossa associa\u00e7\u00e3o que ensinou na &#8220;Escola Secund\u00e1ria de Siabuwa&#8221; em 1986, soubemos que alguns ex-alunos fundaram uma associa\u00e7\u00e3o.<\/p>\n\n\n\n<p>A associa\u00e7\u00e3o KDT \u00e9 a iniciativa para o desenvolvimento de infra-estruturas e a melhoria da educa\u00e7\u00e3o para a minoria Tonga que a\u00ed vive.<\/p>\n\n\n\n<p>Actualmente, j\u00e1 foram perfurados quatro po\u00e7os e constru\u00eddos tanques para tr\u00eas escolas e uma cl\u00ednica. As bombas movidas a energia solar ainda est\u00e3o em falta. Este Projecto Comunit\u00e1rio de \u00c1gua Siabuwa \u00e9 tamb\u00e9m financiado pelo Estado de Baden-W\u00fcrttemberg atrav\u00e9s da Funda\u00e7\u00e3o de Coopera\u00e7\u00e3o para o Desenvolvimento de Baden-W\u00fcrttemberg (SEZ).<\/p>\n\n\n\n<p><strong>Relat\u00f3rio de Helgard Ziegler, ex-professor no Zimbabu\u00e9, Siabuwa e membro de Chayo<\/strong><\/p>\n\n\n\n<p>Desde que fui professor em duas escolas no Zimbabwe de 1985 a 1988, tenho estado interessado no desenvolvimento no Zimbabwe. Especialmente com David, um antigo aluno da Escola Secund\u00e1ria em Siabuwa, mantenho-me em contacto e estou informado sobre a situa\u00e7\u00e3o actual. Siabuwa situa-se na zona muito seca e subdesenvolvida onde vivem os Tongas.<\/p>\n\n\n\n<p>David aproveitou a oportunidade da educa\u00e7\u00e3o e estudou com sucesso em Harare com o meu apoio e desde ent\u00e3o tem estado muito envolvido no trabalho social e no desenvolvimento de infra-estruturas.<\/p>\n\n\n\n<p>No in\u00edcio de 2020, recebi um pedido de ajuda de David que desde Outubro de 2019, desta vez durante a seca prolongada, todos os buracos de \u00e1gua e os poucos po\u00e7os secaram e as pessoas e animais de Siabuwa est\u00e3o a sofrer com a grave seca.<\/p>\n\n\n\n<p>Estes charcos desprotegidos s\u00e3o corpos de \u00e1gua estagnados, contaminados com agentes patog\u00e9nicos e, ao mesmo tempo, gado a regar e a regar a vida selvagem.<\/p>\n\n\n\n<p>T\u00eam sido o \u00fanico abastecimento de \u00e1gua para todo o distrito de Siabuwa durante d\u00e9cadas, juntamente com os poucos po\u00e7os rasos (com bombas manuais).<\/p>\n\n\n\n<p>David descobriu que nessa altura havia um cami\u00e3o com uma m\u00e1quina de perfura\u00e7\u00e3o para a perfura\u00e7\u00e3o de po\u00e7os em Binga, a cerca de 100 km de dist\u00e2ncia. Para o alugar para a perfura\u00e7\u00e3o em Siabuwa foram necess\u00e1rios 1800$, que tiveram de estar dispon\u00edveis no prazo de uma semana.<\/p>\n\n\n\n<figure class=\"wp-block-image size-large is-resized\"><img loading=\"lazy\" decoding=\"async\" src=\"https:\/\/www.chanceforafricanyouth.org\/wp-content\/uploads\/2022\/04\/grafik-3-1024x236.png\" alt=\"\" class=\"wp-image-355\" width=\"640\" height=\"147\" srcset=\"https:\/\/www.chanceforafricanyouth.org\/wp-content\/uploads\/2022\/04\/grafik-3-1024x236.png 1024w, https:\/\/www.chanceforafricanyouth.org\/wp-content\/uploads\/2022\/04\/grafik-3-300x69.png 300w, https:\/\/www.chanceforafricanyouth.org\/wp-content\/uploads\/2022\/04\/grafik-3-768x177.png 768w, https:\/\/www.chanceforafricanyouth.org\/wp-content\/uploads\/2022\/04\/grafik-3-1536x354.png 1536w, https:\/\/www.chanceforafricanyouth.org\/wp-content\/uploads\/2022\/04\/grafik-3-2048x472.png 2048w, https:\/\/www.chanceforafricanyouth.org\/wp-content\/uploads\/2022\/04\/grafik-3-1600x369.png 1600w\" sizes=\"(max-width: 640px) 100vw, 640px\" \/><\/figure>\n\n\n\n<p>Consegui reunir o dinheiro t\u00e3o rapidamente com a ajuda de amigos e envi\u00e1-lo imediatamente para David, que contratou a empresa de perfura\u00e7\u00e3o.<\/p>\n\n\n\n<p>Em vez do cami\u00e3o, veio um ciclone e depois a pandemia com bloqueio.<\/p>\n\n\n\n<p>Em Abril de 2021, recebi subitamente um v\u00eddeo de um furo e soube que tudo estava agora a ser levado a cabo como planeado.<\/p>\n\n\n\n<p>A associa\u00e7\u00e3o KDT, fundada por David e outros antigos alunos, equipou ent\u00e3o os quatro furos com 2 tanques cada um e comprou um gerador alimentado a diesel. Com os tanques cheios, tr\u00eas escolas, uma cl\u00ednica e todos os residentes na vizinhan\u00e7a podem agora ser constantemente abastecidos com \u00e1gua pot\u00e1vel.<\/p>\n\n\n\n<figure class=\"wp-block-image size-large\"><img loading=\"lazy\" decoding=\"async\" width=\"1024\" height=\"225\" src=\"https:\/\/www.chanceforafricanyouth.org\/wp-content\/uploads\/2022\/04\/grafik-4-1024x225.png\" alt=\"\" class=\"wp-image-359\" srcset=\"https:\/\/www.chanceforafricanyouth.org\/wp-content\/uploads\/2022\/04\/grafik-4-1024x225.png 1024w, https:\/\/www.chanceforafricanyouth.org\/wp-content\/uploads\/2022\/04\/grafik-4-300x66.png 300w, https:\/\/www.chanceforafricanyouth.org\/wp-content\/uploads\/2022\/04\/grafik-4-768x168.png 768w, https:\/\/www.chanceforafricanyouth.org\/wp-content\/uploads\/2022\/04\/grafik-4-1536x337.png 1536w, https:\/\/www.chanceforafricanyouth.org\/wp-content\/uploads\/2022\/04\/grafik-4.png 1573w\" sizes=\"(max-width: 1024px) 100vw, 1024px\" \/><\/figure>\n\n\n\n<p>Neste momento, para encher os oito tanques, o gerador tem de ser transportado de furo a furo com um carrinho de boi. \u00c9 uma quest\u00e3o de tempo que o gerador e o carro de boi deixar\u00e3o de funcionar devido a demasiada tens\u00e3o e ao constante transporte nas estradas de cascalho acidentado. O bombeamento \u00e0 m\u00e3o \u00e9 exaustivo e, portanto, os tanques n\u00e3o podem ser enchidos.<\/p>\n\n\n\n<p>Po\u00e7os movidos a energia solar melhorariam de forma sustent\u00e1vel o abastecimento de \u00e1gua limpa a partir de tanques constantemente cheios nas proximidades. A associa\u00e7\u00e3o KDT desenvolveu assim um plano para equipar os po\u00e7os com bombas movidas a energia solar e para enviar dois jovens Tongas num curso de forma\u00e7\u00e3o no Col\u00e9gio Polit\u00e9cnico de Bulawayo para manuten\u00e7\u00e3o. Para este projecto, o KDT contactou-nos para obter apoio financeiro.<\/p>\n\n\n\n<p>Chayo conseguiu financiar as propinas do curso, incluindo materiais e alojamento, com as doa\u00e7\u00f5es recolhidas a partir de 2020 e 2021.<\/p>\n\n\n\n<p>Al\u00e9m disso, \u00e9 necess\u00e1rio um total de cerca de 8500 euros para as bombas movidas a energia solar, incluindo transporte e instala\u00e7\u00e3o.<\/p>\n\n\n\n<p>Pedimos-lhe que apoie este projecto para que a melhoria do abastecimento com \u00e1gua pot\u00e1vel para os Tongas em Siabuwa permane\u00e7a sustent\u00e1vel.<\/p>\n\n\n\n<p><a href=\"https:\/\/www.chanceforafricanyouth.org\/wp-content\/uploads\/2020\/11\/ChAYo-SEPA-Mandat-Spende.pdf\">https:\/\/www.chanceforafricanyouth.org\/wp-content\/uploads\/2020\/11\/ChAYo-SEPA-Mandat-Spende.pdf<\/a><\/p>\n","protected":false},"excerpt":{"rendered":"<p>\u00daltimas not\u00edcias Novembro 2023 Ghatronic A Ghatronic estabeleceu contactos com associa\u00e7\u00f5es de mec\u00e2nicos do Gana. O seu objetivo \u00e9 formar&hellip;<\/p>\n","protected":false},"author":2,"featured_media":0,"parent":0,"menu_order":0,"comment_status":"closed","ping_status":"closed","template":"","meta":{"footnotes":""},"translation":{"provider":"WPGlobus","version":"3.0.2","language":"pt","enabled_languages":["de","gb","fr","pt"],"languages":{"de":{"title":true,"content":true,"excerpt":false},"gb":{"title":true,"content":true,"excerpt":false},"fr":{"title":true,"content":true,"excerpt":false},"pt":{"title":true,"content":true,"excerpt":false}}},"_links":{"self":[{"href":"https:\/\/www.chanceforafricanyouth.org\/pt\/wp-json\/wp\/v2\/pages\/275"}],"collection":[{"href":"https:\/\/www.chanceforafricanyouth.org\/pt\/wp-json\/wp\/v2\/pages"}],"about":[{"href":"https:\/\/www.chanceforafricanyouth.org\/pt\/wp-json\/wp\/v2\/types\/page"}],"author":[{"embeddable":true,"href":"https:\/\/www.chanceforafricanyouth.org\/pt\/wp-json\/wp\/v2\/users\/2"}],"replies":[{"embeddable":true,"href":"https:\/\/www.chanceforafricanyouth.org\/pt\/wp-json\/wp\/v2\/comments?post=275"}],"version-history":[{"count":77,"href":"https:\/\/www.chanceforafricanyouth.org\/pt\/wp-json\/wp\/v2\/pages\/275\/revisions"}],"predecessor-version":[{"id":653,"href":"https:\/\/www.chanceforafricanyouth.org\/pt\/wp-json\/wp\/v2\/pages\/275\/revisions\/653"}],"wp:attachment":[{"href":"https:\/\/www.chanceforafricanyouth.org\/pt\/wp-json\/wp\/v2\/media?parent=275"}],"curies":[{"name":"wp","href":"https:\/\/api.w.org\/{rel}","templated":true}]}}