{"id":333,"date":"2022-02-15T18:33:02","date_gmt":"2022-02-15T17:33:02","guid":{"rendered":"https:\/\/www.chanceforafricanyouth.org\/?page_id=333"},"modified":"2025-02-03T16:41:21","modified_gmt":"2025-02-03T15:41:21","slug":"kujwe-development-trust-kdt","status":"publish","type":"page","link":"https:\/\/www.chanceforafricanyouth.org\/pt\/kujwe-development-trust-kdt\/","title":{"rendered":"KUJWE DEVELOPMENT TRUST (KDT)"},"content":{"rendered":"\n<p>O KDT foi fundado em 2017 em Siabuwa (Distrito de Binga), uma das \u00e1reas mais secas e menos desenvolvidas do Zimbabu\u00e9, pelos Tongas que a\u00ed vivem, uma minoria local da popula\u00e7\u00e3o, e tem sido oficialmente reconhecido como uma associa\u00e7\u00e3o registada desde 2021.<\/p>\n\n\n\n<p><\/p>\n\n\n\n<div class=\"wp-block-group\"><div class=\"wp-block-group__inner-container is-layout-flow wp-block-group-is-layout-flow\">\n<div class=\"wp-block-columns is-layout-flex wp-container-core-columns-is-layout-1 wp-block-columns-is-layout-flex\">\n<div class=\"wp-block-column is-vertically-aligned-top is-layout-flow wp-block-column-is-layout-flow\" style=\"flex-basis:100%\">\n<div class=\"wp-block-image\"><figure class=\"alignleft size-full is-resized\"><img loading=\"lazy\" decoding=\"async\" src=\"https:\/\/www.chanceforafricanyouth.org\/wp-content\/uploads\/2022\/02\/KUJWE-DEVELOPMENT-TRUST.jpg\" alt=\"\" class=\"wp-image-334\" width=\"402\" height=\"422\" srcset=\"https:\/\/www.chanceforafricanyouth.org\/wp-content\/uploads\/2022\/02\/KUJWE-DEVELOPMENT-TRUST.jpg 444w, https:\/\/www.chanceforafricanyouth.org\/wp-content\/uploads\/2022\/02\/KUJWE-DEVELOPMENT-TRUST-286x300.jpg 286w\" sizes=\"(max-width: 402px) 100vw, 402px\" \/><\/figure><\/div>\n\n\n\n<p><br>Um membro da ChAYo ensinou em Siabuwa em 1986\/1987. Ap\u00f3s a independ\u00eancia do Zimbabu\u00e9 em 1980, foram recrutados professores da Alemanha, entre outros pa\u00edses, para dar \u00e0 popula\u00e7\u00e3o negra acesso \u00e0 educa\u00e7\u00e3o. <\/p>\n\n\n\n<p>Tr\u00eas dos membros fundadores da KDT eram seus alunos na altura. Ela ainda hoje est\u00e1 em contacto com um destes estudantes.<\/p>\n<\/div>\n<\/div>\n<\/div><\/div>\n\n\n\n<p><strong><strong>Os objectivos do KDT<\/strong><\/strong>:<\/p>\n\n\n\n<ul><li>Dar poder \u00e0s crian\u00e7as vulner\u00e1veis atrav\u00e9s de um acesso mais amplo \u00e0 educa\u00e7\u00e3o<\/li><li>Aumentar as oportunidades de subsist\u00eancia das mulheres<\/li><li>para aumentar o acesso da comunidade a servi\u00e7os de sa\u00fade de qualidade<\/li><\/ul>\n\n\n\n<p><strong><strong>V\u00e1rios projectos j\u00e1 foram realizados<\/strong>:<\/strong><\/p>\n\n\n\n<ul><li>Bicicletas para aqueles cuja viagem \u00e0 escola seja superior a 6 km.<\/li><li>Como n\u00e3o h\u00e1 acesso \u00e0 Internet, foi criada uma biblioteca durante o encerramento.<\/li><li>Foi criado um laborat\u00f3rio para a escola, foi constru\u00eddo um viveiro de \u00e1rvores e muito mais.<\/li><\/ul>\n\n\n\n<div class=\"wp-block-columns is-layout-flex wp-container-core-columns-is-layout-2 wp-block-columns-is-layout-flex\">\n<div class=\"wp-block-column is-layout-flow wp-block-column-is-layout-flow\" style=\"flex-basis:100%\">\n<div class=\"wp-block-image\"><figure class=\"alignright size-full is-resized\"><img loading=\"lazy\" decoding=\"async\" src=\"https:\/\/www.chanceforafricanyouth.org\/wp-content\/uploads\/2022\/02\/KUJWE_DEVELOPMENT_TRUST2.jpg\" alt=\"\" class=\"wp-image-336\" width=\"416\" height=\"491\" srcset=\"https:\/\/www.chanceforafricanyouth.org\/wp-content\/uploads\/2022\/02\/KUJWE_DEVELOPMENT_TRUST2.jpg 455w, https:\/\/www.chanceforafricanyouth.org\/wp-content\/uploads\/2022\/02\/KUJWE_DEVELOPMENT_TRUST2-254x300.jpg 254w\" sizes=\"(max-width: 416px) 100vw, 416px\" \/><\/figure><\/div>\n\n\n\n<p><\/p>\n\n\n\n<p><strong><strong>Foi iniciado um novo projecto:<\/strong><br><\/strong>O reservat\u00f3rio de \u00e1gua de Siabuwa secou em Outubro de 2019. Com a ajuda de doa\u00e7\u00f5es privadas da Alemanha, quatro furos, incluindo dois tanques de \u00e1gua por furo, puderam ser constru\u00eddos em Siabuwa e na \u00e1rea circundante para tr\u00eas escolas, uma cl\u00ednica e um bairro.&nbsp; Neste momento, os tanques de \u00e1gua s\u00e3o enchidos com um \u00fanico gerador. Este tem de ser conduzido de um furo para o outro com um carro de bois.<\/p>\n\n\n\n<p><strong><strong>O objectivo do KDT \u00e9 fornecer a cada furo uma bomba de propuls\u00e3o solar.<\/strong><\/strong><\/p>\n\n\n\n<p><strong><strong>A ChAYo gostaria de apoiar financeiramente este projecto, bem como a forma\u00e7\u00e3o de um re<\/strong><\/strong><\/p>\n\n\n\n<p>Para equipar os quatro furos com bombas de po\u00e7o alimentadas por energia solar, foram necess\u00e1rios testes de capacidade de \u00e1gua. Estes testes mostraram que apenas dois dos quatro furos existentes eram adequados para a instala\u00e7\u00e3o de bombas de po\u00e7o alimentadas por energia solar. <\/p>\n\n\n\n<div class=\"wp-block-media-text alignwide is-stacked-on-mobile\" style=\"grid-template-columns:40% auto\"><figure class=\"wp-block-media-text__media\"><img loading=\"lazy\" decoding=\"async\" width=\"542\" height=\"418\" src=\"https:\/\/www.chanceforafricanyouth.org\/wp-content\/uploads\/2023\/12\/image.png\" alt=\"\" class=\"wp-image-498 size-full\" srcset=\"https:\/\/www.chanceforafricanyouth.org\/wp-content\/uploads\/2023\/12\/image.png 542w, https:\/\/www.chanceforafricanyouth.org\/wp-content\/uploads\/2023\/12\/image-300x231.png 300w\" sizes=\"(max-width: 542px) 100vw, 542px\" \/><\/figure><div class=\"wp-block-media-text__content\">\n<p>Na primavera de 2013, conseguimos financiar a instala\u00e7\u00e3o de duas bombas de energia solar. Mand\u00e1mos realizar investiga\u00e7\u00f5es hidrogeol\u00f3gicas nas outras duas povoa\u00e7\u00f5es. Queremos agora continuar a concretizar o objetivo do projeto de fornecer \u00e0 popula\u00e7\u00e3o de Siabuwa um abastecimento constante de \u00e1gua pot\u00e1vel corrente e limpa.<\/p>\n<\/div><\/div>\n\n\n\n<p>Para os dois furos agora poss\u00edveis com testes de capacidade e o equipamento<\/p>\n\n\n\n<p>com bombas alimentadas por energia solar precisamos de apoio financeiro<\/p>\n\n\n\n<p><\/p>\n<\/div>\n<\/div>\n\n\n\n<div class=\"wp-block-file\"><a href=\"https:\/\/www.chanceforafricanyouth.org\/wp-content\/uploads\/2022\/04\/Bericht-Helgard-Ziegler.pdf\">Bericht-Helgard-Ziegler<\/a><a href=\"https:\/\/www.chanceforafricanyouth.org\/wp-content\/uploads\/2022\/04\/Bericht-Helgard-Ziegler.pdf\" class=\"wp-block-file__button\" download>Herunterladen<\/a><\/div>\n","protected":false},"excerpt":{"rendered":"<p>O KDT foi fundado em 2017 em Siabuwa (Distrito de Binga), uma das \u00e1reas mais secas e menos desenvolvidas do&hellip;<\/p>\n","protected":false},"author":2,"featured_media":0,"parent":0,"menu_order":0,"comment_status":"closed","ping_status":"closed","template":"","meta":{"footnotes":""},"translation":{"provider":"WPGlobus","version":"3.0.2","language":"pt","enabled_languages":["de","gb","fr","pt"],"languages":{"de":{"title":true,"content":true,"excerpt":false},"gb":{"title":true,"content":true,"excerpt":false},"fr":{"title":true,"content":true,"excerpt":false},"pt":{"title":true,"content":true,"excerpt":false}}},"_links":{"self":[{"href":"https:\/\/www.chanceforafricanyouth.org\/pt\/wp-json\/wp\/v2\/pages\/333"}],"collection":[{"href":"https:\/\/www.chanceforafricanyouth.org\/pt\/wp-json\/wp\/v2\/pages"}],"about":[{"href":"https:\/\/www.chanceforafricanyouth.org\/pt\/wp-json\/wp\/v2\/types\/page"}],"author":[{"embeddable":true,"href":"https:\/\/www.chanceforafricanyouth.org\/pt\/wp-json\/wp\/v2\/users\/2"}],"replies":[{"embeddable":true,"href":"https:\/\/www.chanceforafricanyouth.org\/pt\/wp-json\/wp\/v2\/comments?post=333"}],"version-history":[{"count":32,"href":"https:\/\/www.chanceforafricanyouth.org\/pt\/wp-json\/wp\/v2\/pages\/333\/revisions"}],"predecessor-version":[{"id":630,"href":"https:\/\/www.chanceforafricanyouth.org\/pt\/wp-json\/wp\/v2\/pages\/333\/revisions\/630"}],"wp:attachment":[{"href":"https:\/\/www.chanceforafricanyouth.org\/pt\/wp-json\/wp\/v2\/media?parent=333"}],"curies":[{"name":"wp","href":"https:\/\/api.w.org\/{rel}","templated":true}]}}